{"id":3941,"date":"2025-02-19T19:54:31","date_gmt":"2025-02-19T16:54:31","guid":{"rendered":"https:\/\/karolguedes.com.br\/?page_id=3941"},"modified":"2025-02-21T21:38:16","modified_gmt":"2025-02-21T18:38:16","slug":"inicio","status":"publish","type":"page","link":"https:\/\/karolguedes.com.br\/","title":{"rendered":"Inicio"},"content":{"rendered":"\t\t<div data-elementor-type=\"wp-page\" data-elementor-id=\"3941\" class=\"elementor elementor-3941\">\n\t\t\t\t<div class=\"elementor-element elementor-element-d518b48 e-flex e-con-boxed e-con e-parent\" data-id=\"d518b48\" data-element_type=\"container\" data-settings=\"{&quot;background_background&quot;:&quot;classic&quot;}\">\n\t\t\t\t\t<div class=\"e-con-inner\">\n\t\t\t\t<div class=\"elementor-element elementor-element-8d51239 elementor-widget__width-initial elementor-widget elementor-widget-heading\" data-id=\"8d51239\" data-element_type=\"widget\" data-widget_type=\"heading.default\">\n\t\t\t\t<div class=\"elementor-widget-container\">\n\t\t\t\t\t<h3 class=\"elementor-heading-title elementor-size-default\">Est\u00e9tica Avan\u00e7ada<\/h3>\t\t\t\t<\/div>\n\t\t\t\t<\/div>\n\t\t\t\t<div class=\"elementor-element elementor-element-a6a11be elementor-widget__width-initial elementor-widget elementor-widget-heading\" data-id=\"a6a11be\" data-element_type=\"widget\" data-widget_type=\"heading.default\">\n\t\t\t\t<div class=\"elementor-widget-container\">\n\t\t\t\t\t<h2 class=\"elementor-heading-title elementor-size-default\">Acredito que por meio da est\u00e9tica podemos melhorar a autoestima de cada indiv\u00edduo.  Sua verdadeira beleza vem de dentro para fora, alinhada com a mente, as emo\u00e7\u00f5es e com o autoconhecimento. \nA minha miss\u00e3o \u00e9 real\u00e7ar sua\u00a0beleza\u00a0\u00fanica.<\/h2>\t\t\t\t<\/div>\n\t\t\t\t<\/div>\n\t\t\t\t\t<\/div>\n\t\t\t\t<\/div>\n\t\t\t\t<\/div>\n\t\t","protected":false},"excerpt":{"rendered":"<p>Est\u00e9tica Avan\u00e7ada Acredito que por meio da est\u00e9tica podemos melhorar a autoestima de cada indiv\u00edduo. Sua verdadeira beleza vem de dentro para fora, alinhada com a mente, as emo\u00e7\u00f5es e com o autoconhecimento. A minha miss\u00e3o \u00e9 real\u00e7ar sua\u00a0beleza\u00a0\u00fanica.<\/p>\n","protected":false},"author":1,"featured_media":0,"parent":0,"menu_order":0,"comment_status":"closed","ping_status":"closed","template":"elementor_header_footer","meta":{"om_disable_all_campaigns":false,"_monsterinsights_skip_tracking":false,"_monsterinsights_sitenote_active":false,"_monsterinsights_sitenote_note":"","_monsterinsights_sitenote_category":0,"_uf_show_specific_survey":0,"_uf_disable_surveys":false,"footnotes":""},"class_list":["post-3941","page","type-page","status-publish","hentry"],"aioseo_notices":[],"_links":{"self":[{"href":"https:\/\/karolguedes.com.br\/index.php\/wp-json\/wp\/v2\/pages\/3941","targetHints":{"allow":["GET"]}}],"collection":[{"href":"https:\/\/karolguedes.com.br\/index.php\/wp-json\/wp\/v2\/pages"}],"about":[{"href":"https:\/\/karolguedes.com.br\/index.php\/wp-json\/wp\/v2\/types\/page"}],"author":[{"embeddable":true,"href":"https:\/\/karolguedes.com.br\/index.php\/wp-json\/wp\/v2\/users\/1"}],"replies":[{"embeddable":true,"href":"https:\/\/karolguedes.com.br\/index.php\/wp-json\/wp\/v2\/comments?post=3941"}],"version-history":[{"count":26,"href":"https:\/\/karolguedes.com.br\/index.php\/wp-json\/wp\/v2\/pages\/3941\/revisions"}],"predecessor-version":[{"id":3984,"href":"https:\/\/karolguedes.com.br\/index.php\/wp-json\/wp\/v2\/pages\/3941\/revisions\/3984"}],"wp:attachment":[{"href":"https:\/\/karolguedes.com.br\/index.php\/wp-json\/wp\/v2\/media?parent=3941"}],"curies":[{"name":"wp","href":"https:\/\/api.w.org\/{rel}","templated":true}]}}