{"id":2394,"date":"2024-07-30T17:04:19","date_gmt":"2024-07-30T17:04:19","guid":{"rendered":"https:\/\/karolguedes.com.br\/?page_id=2394"},"modified":"2025-02-21T21:31:02","modified_gmt":"2025-02-21T18:31:02","slug":"quem-sou","status":"publish","type":"page","link":"https:\/\/karolguedes.com.br\/index.php\/quem-sou\/","title":{"rendered":"Quem Sou"},"content":{"rendered":"\t\t<div data-elementor-type=\"wp-page\" data-elementor-id=\"2394\" class=\"elementor elementor-2394\">\n\t\t\t\t<div class=\"elementor-element elementor-element-5dd6708 e-flex e-con-boxed e-con e-parent\" data-id=\"5dd6708\" data-element_type=\"container\" data-settings=\"{&quot;background_background&quot;:&quot;classic&quot;}\">\n\t\t\t\t\t<div class=\"e-con-inner\">\n\t\t<div class=\"elementor-element elementor-element-8f685ef e-con-full e-grid e-con e-child\" data-id=\"8f685ef\" data-element_type=\"container\">\n\t\t\t\t<div class=\"elementor-element elementor-element-7419d96 elementor-widget elementor-widget-image\" data-id=\"7419d96\" data-element_type=\"widget\" data-widget_type=\"image.default\">\n\t\t\t\t<div class=\"elementor-widget-container\">\n\t\t\t\t\t\t\t\t\t\t\t\t\t\t\t<img fetchpriority=\"high\" decoding=\"async\" width=\"415\" height=\"573\" src=\"https:\/\/karolguedes.com.br\/wp-content\/uploads\/2024\/10\/Novo-Projeto-3-e1730286741435.png\" class=\"attachment-medium_large size-medium_large wp-image-3632\" alt=\"\" srcset=\"https:\/\/karolguedes.com.br\/wp-content\/uploads\/2024\/10\/Novo-Projeto-3-e1730286741435.png 415w, https:\/\/karolguedes.com.br\/wp-content\/uploads\/2024\/10\/Novo-Projeto-3-e1730286741435-217x300.png 217w\" sizes=\"(max-width: 415px) 100vw, 415px\" \/>\t\t\t\t\t\t\t\t\t\t\t\t\t\t\t<\/div>\n\t\t\t\t<\/div>\n\t\t\t\t<div class=\"elementor-element elementor-element-86c3efe elementor-widget-tablet__width-initial elementor-widget__width-initial elementor-widget elementor-widget-heading\" data-id=\"86c3efe\" data-element_type=\"widget\" data-widget_type=\"heading.default\">\n\t\t\t\t<div class=\"elementor-widget-container\">\n\t\t\t\t\t<h1 class=\"elementor-heading-title elementor-size-default\">Ana Carolina Guedes, ou melhor, Dra. Karol Guedes, \u00e9 assim que todos me conhecem e me chamam desde que me concretizei na \u00e1rea da est\u00e9tica.\nSou fisioterapeuta formada h\u00e1 quase 20 anos, desde sempre me dediquei a conhecer mais a \u00e1rea da est\u00e9tica, e foi nela que me realizei como profissional. Fiz 4 p\u00f3s-gradua\u00e7\u00f5es, todas voltadas para a \u00e1rea da est\u00e9tica e junto aos atendimentos me encontrei ministrando aulas.\nHoje sou docente em v\u00e1rias faculdades e institutos de ensino em SP, interior, litoral e outros estados e eu amo passar conhecimento a outros profissionais.\nMinhas \u00e1reas de atua\u00e7\u00e3o s\u00e3o na est\u00e9tica facial, onde inspiro confian\u00e7a e autoestima, com momentos de cuidado e rejuvenescimento; e na est\u00e9tica \u00edntima, onde real\u00e7o sua ess\u00eancia, revelando a beleza \u00fanica que h\u00e1 em voc\u00ea.\nSou m\u00e3e, mulher, empreendedora e constante aluna, buscando inova\u00e7\u00f5es e os melhores tratamentos aos meus pacientes.\nA melhor arma contra o envelhecimento \u00e9 o bom humor e um bom est\u00edmulo\u00a0de\u00a0col\u00e1geno!<\/h1>\t\t\t\t<\/div>\n\t\t\t\t<\/div>\n\t\t\t\t<\/div>\n\t\t\t\t\t<\/div>\n\t\t\t\t<\/div>\n\t\t\t\t<\/div>\n\t\t","protected":false},"excerpt":{"rendered":"<p>Ana Carolina Guedes, ou melhor, Dra. Karol Guedes, \u00e9 assim que todos me conhecem e me chamam desde que me concretizei na \u00e1rea da est\u00e9tica. Sou fisioterapeuta formada h\u00e1 quase 20 anos, desde sempre me dediquei a conhecer mais a \u00e1rea da est\u00e9tica, e foi nela que me realizei como profissional. Fiz 4 p\u00f3s-gradua\u00e7\u00f5es, todas [&hellip;]<\/p>\n","protected":false},"author":1,"featured_media":0,"parent":0,"menu_order":0,"comment_status":"closed","ping_status":"closed","template":"elementor_header_footer","meta":{"om_disable_all_campaigns":false,"_monsterinsights_skip_tracking":false,"_monsterinsights_sitenote_active":false,"_monsterinsights_sitenote_note":"","_monsterinsights_sitenote_category":0,"_uf_show_specific_survey":0,"_uf_disable_surveys":false,"footnotes":""},"class_list":["post-2394","page","type-page","status-publish","hentry"],"aioseo_notices":[],"_links":{"self":[{"href":"https:\/\/karolguedes.com.br\/index.php\/wp-json\/wp\/v2\/pages\/2394","targetHints":{"allow":["GET"]}}],"collection":[{"href":"https:\/\/karolguedes.com.br\/index.php\/wp-json\/wp\/v2\/pages"}],"about":[{"href":"https:\/\/karolguedes.com.br\/index.php\/wp-json\/wp\/v2\/types\/page"}],"author":[{"embeddable":true,"href":"https:\/\/karolguedes.com.br\/index.php\/wp-json\/wp\/v2\/users\/1"}],"replies":[{"embeddable":true,"href":"https:\/\/karolguedes.com.br\/index.php\/wp-json\/wp\/v2\/comments?post=2394"}],"version-history":[{"count":493,"href":"https:\/\/karolguedes.com.br\/index.php\/wp-json\/wp\/v2\/pages\/2394\/revisions"}],"predecessor-version":[{"id":3975,"href":"https:\/\/karolguedes.com.br\/index.php\/wp-json\/wp\/v2\/pages\/2394\/revisions\/3975"}],"wp:attachment":[{"href":"https:\/\/karolguedes.com.br\/index.php\/wp-json\/wp\/v2\/media?parent=2394"}],"curies":[{"name":"wp","href":"https:\/\/api.w.org\/{rel}","templated":true}]}}